{"id":10,"date":"2026-02-08T19:58:02","date_gmt":"2026-02-08T19:58:02","guid":{"rendered":"https:\/\/bettinahartmann.dk\/?page_id=10"},"modified":"2026-02-08T20:34:12","modified_gmt":"2026-02-08T20:34:12","slug":"om","status":"publish","type":"page","link":"https:\/\/bettinahartmann.dk\/index.php\/om\/","title":{"rendered":"Om"},"content":{"rendered":"\n<p>Jeg har arbejdet med, og interesseret mig for, mange forskellige ting, gennem de \u00e5rtier jeg har befundet mig p\u00e5 denne jord.<\/p>\n\n\n\n<p>Jeg har har haft officielle og professionelle roller som \u201cingeni\u00f8r\u201d, \u201cunderviser\u201d, \u201ccoach\u201d, \u201ckonsulent\u201d, \u201cprojektleder\u201d, \u201cfastansat\u201d, \u201cselvst\u00e6ndig\u201d, osv.<\/p>\n\n\n\n<p>Derudover er der alle mine mere private, personlige og samfundsm\u00e6ssige roller, som \u201cmediterende\u201d, \u201cyogaud\u00f8ver\u201d, \u201ccyklist\u201d, \u201ckommende forfatter\u201d, \u201cmedmenneske\u201d, \u201cven\u201d, osv.<\/p>\n\n\n\n<p>Jeg oplever, at fordi jeg pr\u00f8ver mig selv af i en r\u00e6kke forskellige sammenh\u00e6nge med s\u00e5 \u00e5bent sind som muligt, s\u00e5 f\u00e5r jeg en voksende forst\u00e5else for b\u00e5de mig selv og for andre mennesker. Jeg \u00f8ver mig i at slippe vurderinger og i at acceptere, at vi alle g\u00f8r vores bedste, ud fra vores individuelle viden og bevidsthed. Det g\u00f8r mig ogs\u00e5 mere klar p\u00e5, hvad jeg \u00f8nsker at bruge min tid p\u00e5, og hvordan jeg bedst opbygger og bevarer min energi.<\/p>\n","protected":false},"excerpt":{"rendered":"<p>Jeg har arbejdet med, og interesseret mig for, mange forskellige ting, gennem de \u00e5rtier jeg har befundet mig p\u00e5 denne jord. Jeg har har haft officielle og professionelle roller som \u201cingeni\u00f8r\u201d, \u201cunderviser\u201d, \u201ccoach\u201d, \u201ckonsulent\u201d, \u201cprojektleder\u201d, \u201cfastansat\u201d, \u201cselvst\u00e6ndig\u201d, osv. Derudover er der alle mine mere private, personlige og samfundsm\u00e6ssige roller, som \u201cmediterende\u201d, \u201cyogaud\u00f8ver\u201d, \u201ccyklist\u201d, \u201ckommende forfatter\u201d, &hellip; <\/p>\n<p class=\"link-more\"><a href=\"https:\/\/bettinahartmann.dk\/index.php\/om\/\" class=\"more-link\">L\u00e6s videre<span class=\"screen-reader-text\"> &#8220;Om&#8221;<\/span><\/a><\/p>\n","protected":false},"author":1,"featured_media":44,"parent":0,"menu_order":0,"comment_status":"closed","ping_status":"closed","template":"","meta":{"footnotes":""},"class_list":["post-10","page","type-page","status-publish","has-post-thumbnail","hentry"],"_links":{"self":[{"href":"https:\/\/bettinahartmann.dk\/index.php\/wp-json\/wp\/v2\/pages\/10","targetHints":{"allow":["GET"]}}],"collection":[{"href":"https:\/\/bettinahartmann.dk\/index.php\/wp-json\/wp\/v2\/pages"}],"about":[{"href":"https:\/\/bettinahartmann.dk\/index.php\/wp-json\/wp\/v2\/types\/page"}],"author":[{"embeddable":true,"href":"https:\/\/bettinahartmann.dk\/index.php\/wp-json\/wp\/v2\/users\/1"}],"replies":[{"embeddable":true,"href":"https:\/\/bettinahartmann.dk\/index.php\/wp-json\/wp\/v2\/comments?post=10"}],"version-history":[{"count":2,"href":"https:\/\/bettinahartmann.dk\/index.php\/wp-json\/wp\/v2\/pages\/10\/revisions"}],"predecessor-version":[{"id":43,"href":"https:\/\/bettinahartmann.dk\/index.php\/wp-json\/wp\/v2\/pages\/10\/revisions\/43"}],"wp:featuredmedia":[{"embeddable":true,"href":"https:\/\/bettinahartmann.dk\/index.php\/wp-json\/wp\/v2\/media\/44"}],"wp:attachment":[{"href":"https:\/\/bettinahartmann.dk\/index.php\/wp-json\/wp\/v2\/media?parent=10"}],"curies":[{"name":"wp","href":"https:\/\/api.w.org\/{rel}","templated":true}]}}